{"id":8,"date":"2023-08-12T15:48:14","date_gmt":"2023-08-12T18:48:14","guid":{"rendered":"https:\/\/pedrolizardo.com\/?page_id=8"},"modified":"2026-04-27T07:39:04","modified_gmt":"2026-04-27T10:39:04","slug":"main-page","status":"publish","type":"page","link":"https:\/\/pedrolizardo.com\/","title":{"rendered":"Main Page"},"content":{"rendered":"\t\t<div data-elementor-type=\"wp-page\" data-elementor-id=\"8\" class=\"elementor elementor-8\" data-elementor-post-type=\"page\">\n\t\t\t\t<div class=\"elementor-element elementor-element-9a67b8b e-con-full e-flex e-con e-parent\" data-id=\"9a67b8b\" data-element_type=\"container\" data-e-type=\"container\" data-settings=\"{&quot;background_background&quot;:&quot;classic&quot;}\">\n\t\t<div class=\"elementor-element elementor-element-3e45544f e-con-full e-flex e-con e-child\" data-id=\"3e45544f\" data-element_type=\"container\" data-e-type=\"container\">\n\t\t\t\t<\/div>\n\t\t<div class=\"elementor-element elementor-element-143212d3 e-con-full e-flex e-con e-child\" data-id=\"143212d3\" data-element_type=\"container\" data-e-type=\"container\">\n\t\t\t\t<\/div>\n\t\t\t\t<\/div>\n\t\t<div class=\"elementor-element elementor-element-5e79900a e-con-full e-flex e-con e-parent\" data-id=\"5e79900a\" data-element_type=\"container\" data-e-type=\"container\" data-settings=\"{&quot;background_background&quot;:&quot;classic&quot;}\">\n\t\t<div class=\"elementor-element elementor-element-59545318 e-con-full e-flex e-con e-child\" data-id=\"59545318\" data-element_type=\"container\" data-e-type=\"container\">\n\t\t\t\t<div class=\"elementor-element elementor-element-963b3f8 elementor-grid-1 elementor-grid-mobile-0 e-grid-align-mobile-center elementor-widget__width-inherit elementor-shape-rounded e-grid-align-center elementor-widget elementor-widget-social-icons\" data-id=\"963b3f8\" data-element_type=\"widget\" data-e-type=\"widget\" data-widget_type=\"social-icons.default\">\n\t\t\t\t<div class=\"elementor-widget-container\">\n\t\t\t\t\t\t\t<div class=\"elementor-social-icons-wrapper elementor-grid\">\n\t\t\t\t\t\t\t<span class=\"elementor-grid-item\">\n\t\t\t\t\t<a class=\"elementor-icon elementor-social-icon elementor-social-icon-linkedin elementor-animation-grow elementor-repeater-item-70be93e\" href=\"https:\/\/www.linkedin.com\/in\/pedro-lizardo\/\" target=\"_blank\">\n\t\t\t\t\t\t<span class=\"elementor-screen-only\">Linkedin<\/span>\n\t\t\t\t\t\t<svg aria-hidden=\"true\" class=\"e-font-icon-svg e-fab-linkedin\" viewBox=\"0 0 448 512\" xmlns=\"http:\/\/www.w3.org\/2000\/svg\"><path d=\"M416 32H31.9C14.3 32 0 46.5 0 64.3v383.4C0 465.5 14.3 480 31.9 480H416c17.6 0 32-14.5 32-32.3V64.3c0-17.8-14.4-32.3-32-32.3zM135.4 416H69V202.2h66.5V416zm-33.2-243c-21.3 0-38.5-17.3-38.5-38.5S80.9 96 102.2 96c21.2 0 38.5 17.3 38.5 38.5 0 21.3-17.2 38.5-38.5 38.5zm282.1 243h-66.4V312c0-24.8-.5-56.7-34.5-56.7-34.6 0-39.9 27-39.9 54.9V416h-66.4V202.2h63.7v29.2h.9c8.9-16.8 30.6-34.5 62.9-34.5 67.2 0 79.7 44.3 79.7 101.9V416z\"><\/path><\/svg>\t\t\t\t\t<\/a>\n\t\t\t\t<\/span>\n\t\t\t\t\t<\/div>\n\t\t\t\t\t\t<\/div>\n\t\t\t\t<\/div>\n\t\t\t\t<\/div>\n\t\t<div class=\"elementor-element elementor-element-34efd0aa e-con-full e-flex e-con e-child\" data-id=\"34efd0aa\" data-element_type=\"container\" data-e-type=\"container\">\n\t\t<div class=\"elementor-element elementor-element-6e44bcb1 e-flex e-con-boxed e-con e-child\" data-id=\"6e44bcb1\" data-element_type=\"container\" data-e-type=\"container\">\n\t\t\t\t\t<div class=\"e-con-inner\">\n\t\t\t\t<div class=\"elementor-element elementor-element-6d165aa7 elementor-widget elementor-widget-heading\" data-id=\"6d165aa7\" data-element_type=\"widget\" data-e-type=\"widget\" data-widget_type=\"heading.default\">\n\t\t\t\t<div class=\"elementor-widget-container\">\n\t\t\t\t\t<h2 class=\"elementor-heading-title elementor-size-default\">Pedro Lizardo<\/h2>\t\t\t\t<\/div>\n\t\t\t\t<\/div>\n\t\t\t\t<div class=\"elementor-element elementor-element-d5f07e0 elementor-widget elementor-widget-heading\" data-id=\"d5f07e0\" data-element_type=\"widget\" data-e-type=\"widget\" data-widget_type=\"heading.default\">\n\t\t\t\t<div class=\"elementor-widget-container\">\n\t\t\t\t\t<h3 class=\"elementor-heading-title elementor-size-default\">M\u00e9dico. Diez a\u00f1os en tech. Ahora construyo agentes de IA en sanidad.<\/h3>\t\t\t\t<\/div>\n\t\t\t\t<\/div>\n\t\t\t\t<div class=\"elementor-element elementor-element-117ce9a5 elementor-widget elementor-widget-text-editor\" data-id=\"117ce9a5\" data-element_type=\"widget\" data-e-type=\"widget\" data-widget_type=\"text-editor.default\">\n\t\t\t\t<div class=\"elementor-widget-container\">\n\t\t\t\t\t\t\t\t\t<p>Estudi\u00e9 medicina en Venezuela, la ejerc\u00ed en Colombia, y la dej\u00e9 en Argentina. No porque me cansara de los pacientes, sino porque quer\u00eda entender c\u00f3mo se construyen los productos digitales que estaban cambiando la salud. Empec\u00e9 con un curso de Udemy. Termin\u00e9 en Meta.<\/p><p>Hoy soy Lead Product Manager en Clicars, en Espa\u00f1a. Fuera de Clicars, escribo BataAlRoadmap: contenido en espa\u00f1ol para m\u00e9dicos que miran la IA y no saben por d\u00f3nde empezar, o que se preguntan qu\u00e9 hay fuera del hospital. Escribo lo que a m\u00ed nadie me cont\u00f3.<\/p><p>Este sitio es para ti si eres m\u00e9dico y tienes preguntas que el hospital no responde. Tambi\u00e9n es para cl\u00ednicas y consultorios que quieren explorar IA sin el ruido de siempre. Reclutador: el CV est\u00e1 abajo.<\/p>\t\t\t\t\t\t\t\t<\/div>\n\t\t\t\t<\/div>\n\t\t\t\t\t<\/div>\n\t\t\t\t<\/div>\n\t\t<div class=\"elementor-element elementor-element-683f2cb4 e-flex e-con-boxed e-con e-child\" data-id=\"683f2cb4\" data-element_type=\"container\" data-e-type=\"container\">\n\t\t\t\t\t<div class=\"e-con-inner\">\n\t\t\t\t<div class=\"elementor-element elementor-element-37ef628d elementor-tablet-align-center elementor-mobile-align-justify elementor-widget-tablet__width-initial elementor-widget-mobile__width-inherit elementor-align-left elementor-widget elementor-widget-button\" data-id=\"37ef628d\" data-element_type=\"widget\" data-e-type=\"widget\" data-widget_type=\"button.default\">\n\t\t\t\t<div class=\"elementor-widget-container\">\n\t\t\t\t\t\t\t\t\t<div class=\"elementor-button-wrapper\">\n\t\t\t\t\t<a class=\"elementor-button elementor-button-link elementor-size-lg\" href=\"https:\/\/www.linkedin.com\/in\/pedro-lizardo\/\" target=\"_blank\">\n\t\t\t\t\t\t<span class=\"elementor-button-content-wrapper\">\n\t\t\t\t\t\t\t\t\t<span class=\"elementor-button-text\">Sigueme en LinkedIn<\/span>\n\t\t\t\t\t<\/span>\n\t\t\t\t\t<\/a>\n\t\t\t\t<\/div>\n\t\t\t\t\t\t\t\t<\/div>\n\t\t\t\t<\/div>\n\t\t\t\t\t<\/div>\n\t\t\t\t<\/div>\n\t\t\t\t<\/div>\n\t\t<div class=\"elementor-element elementor-element-7021348f e-con-full e-flex e-con e-child\" data-id=\"7021348f\" data-element_type=\"container\" data-e-type=\"container\">\n\t\t\t\t<div class=\"elementor-element elementor-element-a5cf435 elementor-widget elementor-widget-image\" data-id=\"a5cf435\" data-element_type=\"widget\" data-e-type=\"widget\" data-widget_type=\"image.default\">\n\t\t\t\t<div class=\"elementor-widget-container\">\n\t\t\t\t\t\t\t\t\t\t\t\t\t\t\t<img fetchpriority=\"high\" decoding=\"async\" width=\"600\" height=\"600\" src=\"https:\/\/pedrolizardo.com\/wp-content\/uploads\/2024\/07\/profile123123-pic.png\" class=\"attachment-large size-large wp-image-100\" alt=\"\" srcset=\"https:\/\/pedrolizardo.com\/wp-content\/uploads\/2024\/07\/profile123123-pic.png 600w, https:\/\/pedrolizardo.com\/wp-content\/uploads\/2024\/07\/profile123123-pic-300x300.png 300w, https:\/\/pedrolizardo.com\/wp-content\/uploads\/2024\/07\/profile123123-pic-150x150.png 150w\" sizes=\"(max-width: 600px) 100vw, 600px\" \/>\t\t\t\t\t\t\t\t\t\t\t\t\t\t\t<\/div>\n\t\t\t\t<\/div>\n\t\t\t\t<\/div>\n\t\t\t\t<\/div>\n\t\t<div class=\"elementor-element elementor-element-1f71a364 e-con-full e-flex e-con e-parent\" data-id=\"1f71a364\" data-element_type=\"container\" data-e-type=\"container\" data-settings=\"{&quot;background_background&quot;:&quot;classic&quot;}\">\n\t\t<div class=\"elementor-element elementor-element-6e88d224 e-con-full e-flex e-con e-child\" data-id=\"6e88d224\" data-element_type=\"container\" data-e-type=\"container\">\n\t\t\t\t<\/div>\n\t\t<div class=\"elementor-element elementor-element-1fc04816 e-con-full e-flex e-con e-child\" data-id=\"1fc04816\" data-element_type=\"container\" data-e-type=\"container\">\n\t\t\t\t<\/div>\n\t\t\t\t<\/div>\n\t\t\t\t<\/div>\n\t\t","protected":false},"excerpt":{"rendered":"<p>Linkedin Pedro Lizardo M\u00e9dico. Diez a\u00f1os en tech. Ahora construyo agentes de IA en sanidad. Estudi\u00e9 medicina en Venezuela, la ejerc\u00ed en Colombia, y la dej\u00e9 en Argentina. No porque me cansara de los pacientes, sino porque quer\u00eda entender c\u00f3mo se construyen los productos digitales que estaban cambiando la salud. Empec\u00e9 con un curso de [&hellip;]<\/p>\n","protected":false},"author":1,"featured_media":0,"parent":0,"menu_order":0,"comment_status":"closed","ping_status":"closed","template":"elementor_canvas","meta":{"_monsterinsights_skip_tracking":false,"_monsterinsights_sitenote_active":false,"_monsterinsights_sitenote_note":"","_monsterinsights_sitenote_category":0,"footnotes":""},"class_list":["post-8","page","type-page","status-publish","hentry"],"_links":{"self":[{"href":"https:\/\/pedrolizardo.com\/index.php\/wp-json\/wp\/v2\/pages\/8","targetHints":{"allow":["GET"]}}],"collection":[{"href":"https:\/\/pedrolizardo.com\/index.php\/wp-json\/wp\/v2\/pages"}],"about":[{"href":"https:\/\/pedrolizardo.com\/index.php\/wp-json\/wp\/v2\/types\/page"}],"author":[{"embeddable":true,"href":"https:\/\/pedrolizardo.com\/index.php\/wp-json\/wp\/v2\/users\/1"}],"replies":[{"embeddable":true,"href":"https:\/\/pedrolizardo.com\/index.php\/wp-json\/wp\/v2\/comments?post=8"}],"version-history":[{"count":61,"href":"https:\/\/pedrolizardo.com\/index.php\/wp-json\/wp\/v2\/pages\/8\/revisions"}],"predecessor-version":[{"id":124,"href":"https:\/\/pedrolizardo.com\/index.php\/wp-json\/wp\/v2\/pages\/8\/revisions\/124"}],"wp:attachment":[{"href":"https:\/\/pedrolizardo.com\/index.php\/wp-json\/wp\/v2\/media?parent=8"}],"curies":[{"name":"wp","href":"https:\/\/api.w.org\/{rel}","templated":true}]}}